{"id":2592,"date":"2024-01-16T13:12:59","date_gmt":"2024-01-16T13:12:59","guid":{"rendered":"https:\/\/dryusufacar.com\/de\/dr-samet-sendur\/"},"modified":"2025-10-21T15:56:11","modified_gmt":"2025-10-21T15:56:11","slug":"dr-yusuf-acar","status":"publish","type":"page","link":"https:\/\/dryusufacar.com\/de\/dr-yusuf-acar\/","title":{"rendered":"\u00dcber uns"},"content":{"rendered":"\t\t<div data-elementor-type=\"wp-page\" data-elementor-id=\"2592\" class=\"elementor elementor-2592\" data-elementor-post-type=\"page\">\n\t\t\t\t\t\t\t<div class=\"elementor-element elementor-element-04971d7 e-flex e-con-boxed wpr-particle-no wpr-jarallax-no wpr-parallax-no wpr-sticky-section-no e-con e-parent\" data-id=\"04971d7\" data-element_type=\"container\" data-settings=\"{&quot;background_background&quot;:&quot;classic&quot;,&quot;content_width&quot;:&quot;boxed&quot;}\" data-core-v316-plus=\"true\">\n\t\t\t\t\t<div class=\"e-con-inner\">\n\t\t\t\t<div class=\"elementor-element elementor-element-7c954f8 elementor-widget__width-auto elementor-widget elementor-widget-html\" data-id=\"7c954f8\" data-element_type=\"widget\" data-widget_type=\"html.default\">\n\t\t\t\t<div class=\"elementor-widget-container\">\n\t\t\t<div class=\"aioseo-breadcrumbs\"><span class=\"aioseo-breadcrumb\">\n\tStartseite\n<\/span><\/div>\t\t<\/div>\n\t\t\t\t<\/div>\n\t\t\t\t<div class=\"elementor-element elementor-element-b83b8b8 elementor-widget elementor-widget-spacer\" data-id=\"b83b8b8\" data-element_type=\"widget\" data-widget_type=\"spacer.default\">\n\t\t\t\t<div class=\"elementor-widget-container\">\n\t\t\t<style>\/*! elementor - v3.18.0 - 20-12-2023 *\/\n.elementor-column .elementor-spacer-inner{height:var(--spacer-size)}.e-con{--container-widget-width:100%}.e-con-inner>.elementor-widget-spacer,.e-con>.elementor-widget-spacer{width:var(--container-widget-width,var(--spacer-size));--align-self:var(--container-widget-align-self,initial);--flex-shrink:0}.e-con-inner>.elementor-widget-spacer>.elementor-widget-container,.e-con>.elementor-widget-spacer>.elementor-widget-container{height:100%;width:100%}.e-con-inner>.elementor-widget-spacer>.elementor-widget-container>.elementor-spacer,.e-con>.elementor-widget-spacer>.elementor-widget-container>.elementor-spacer{height:100%}.e-con-inner>.elementor-widget-spacer>.elementor-widget-container>.elementor-spacer>.elementor-spacer-inner,.e-con>.elementor-widget-spacer>.elementor-widget-container>.elementor-spacer>.elementor-spacer-inner{height:var(--container-widget-height,var(--spacer-size))}.e-con-inner>.elementor-widget-spacer.elementor-widget-empty,.e-con>.elementor-widget-spacer.elementor-widget-empty{position:relative;min-height:22px;min-width:22px}.e-con-inner>.elementor-widget-spacer.elementor-widget-empty .elementor-widget-empty-icon,.e-con>.elementor-widget-spacer.elementor-widget-empty .elementor-widget-empty-icon{position:absolute;top:0;bottom:0;left:0;right:0;margin:auto;padding:0;width:22px;height:22px}<\/style>\t\t<div class=\"elementor-spacer\">\n\t\t\t<div class=\"elementor-spacer-inner\"><\/div>\n\t\t<\/div>\n\t\t\t\t<\/div>\n\t\t\t\t<\/div>\n\t\t\t\t<div class=\"elementor-element elementor-element-92f360a elementor-widget elementor-widget-heading\" data-id=\"92f360a\" data-element_type=\"widget\" data-widget_type=\"heading.default\">\n\t\t\t\t<div class=\"elementor-widget-container\">\n\t\t\t<style>\/*! elementor - v3.18.0 - 20-12-2023 *\/\n.elementor-heading-title{padding:0;margin:0;line-height:1}.elementor-widget-heading .elementor-heading-title[class*=elementor-size-]>a{color:inherit;font-size:inherit;line-height:inherit}.elementor-widget-heading .elementor-heading-title.elementor-size-small{font-size:15px}.elementor-widget-heading .elementor-heading-title.elementor-size-medium{font-size:19px}.elementor-widget-heading .elementor-heading-title.elementor-size-large{font-size:29px}.elementor-widget-heading .elementor-heading-title.elementor-size-xl{font-size:39px}.elementor-widget-heading .elementor-heading-title.elementor-size-xxl{font-size:59px}<\/style><h1 class=\"elementor-heading-title elementor-size-default\">\u00dcber uns<\/h1>\t\t<\/div>\n\t\t\t\t<\/div>\n\t\t\t\t\t<\/div>\n\t\t\t\t<\/div>\n\t\t\t\t<section class=\"elementor-section elementor-top-section elementor-element elementor-element-d3e0ea4 elementor-section-content-middle elementor-section-boxed elementor-section-height-default elementor-section-height-default wpr-particle-no wpr-jarallax-no wpr-parallax-no wpr-sticky-section-no\" data-id=\"d3e0ea4\" data-element_type=\"section\">\n\t\t\t\t\t\t<div class=\"elementor-container elementor-column-gap-default\">\n\t\t\t\t\t<div class=\"elementor-column elementor-col-50 elementor-top-column elementor-element elementor-element-4a66a65\" data-id=\"4a66a65\" data-element_type=\"column\">\n\t\t\t<div class=\"elementor-widget-wrap elementor-element-populated\">\n\t\t\t\t\t\t\t\t<div class=\"elementor-element elementor-element-a5f42b6 elementor-widget elementor-widget-image\" data-id=\"a5f42b6\" data-element_type=\"widget\" data-widget_type=\"image.default\">\n\t\t\t\t<div class=\"elementor-widget-container\">\n\t\t\t<style>\/*! elementor - v3.18.0 - 20-12-2023 *\/\n.elementor-widget-image{text-align:center}.elementor-widget-image a{display:inline-block}.elementor-widget-image a img[src$=\".svg\"]{width:48px}.elementor-widget-image img{vertical-align:middle;display:inline-block}<\/style>\t\t\t\t\t\t\t\t\t\t\t\t<img fetchpriority=\"high\" decoding=\"async\" width=\"802\" height=\"1000\" src=\"https:\/\/dryusufacar.com\/de\/wp-content\/uploads\/2025\/05\/dr-yusuf-acar-p1.png\" class=\"attachment-full size-full wp-image-5752\" alt=\"\" srcset=\"https:\/\/dryusufacar.com\/de\/wp-content\/uploads\/2025\/05\/dr-yusuf-acar-p1.png 802w, https:\/\/dryusufacar.com\/de\/wp-content\/uploads\/2025\/05\/dr-yusuf-acar-p1-241x300.png 241w, https:\/\/dryusufacar.com\/de\/wp-content\/uploads\/2025\/05\/dr-yusuf-acar-p1-768x958.png 768w\" sizes=\"(max-width: 802px) 100vw, 802px\" \/>\t\t\t\t\t\t\t\t\t\t\t\t\t\t\t<\/div>\n\t\t\t\t<\/div>\n\t\t\t\t\t<\/div>\n\t\t<\/div>\n\t\t\t\t<div class=\"elementor-column elementor-col-50 elementor-top-column elementor-element elementor-element-6093cce\" data-id=\"6093cce\" data-element_type=\"column\">\n\t\t\t<div class=\"elementor-widget-wrap elementor-element-populated\">\n\t\t\t\t\t\t\t\t<div class=\"elementor-element elementor-element-6ca262e elementor-widget elementor-widget-heading\" data-id=\"6ca262e\" data-element_type=\"widget\" data-widget_type=\"heading.default\">\n\t\t\t\t<div class=\"elementor-widget-container\">\n\t\t\t<div class=\"elementor-heading-title elementor-size-default\">Plastischer, Rekonstruktiver und \u00c4sthetischer Chirurg<\/div>\t\t<\/div>\n\t\t\t\t<\/div>\n\t\t\t\t<div class=\"elementor-element elementor-element-f631a7c elementor-widget elementor-widget-heading\" data-id=\"f631a7c\" data-element_type=\"widget\" data-widget_type=\"heading.default\">\n\t\t\t\t<div class=\"elementor-widget-container\">\n\t\t\t<h2 class=\"elementor-heading-title elementor-size-default\">Op. Dr. Yusuf Acar<\/h2>\t\t<\/div>\n\t\t\t\t<\/div>\n\t\t\t\t<div class=\"elementor-element elementor-element-876d798 elementor-widget elementor-widget-spacer\" data-id=\"876d798\" data-element_type=\"widget\" data-widget_type=\"spacer.default\">\n\t\t\t\t<div class=\"elementor-widget-container\">\n\t\t\t\t\t<div class=\"elementor-spacer\">\n\t\t\t<div class=\"elementor-spacer-inner\"><\/div>\n\t\t<\/div>\n\t\t\t\t<\/div>\n\t\t\t\t<\/div>\n\t\t\t\t<div class=\"elementor-element elementor-element-b36656d elementor-widget elementor-widget-text-editor\" data-id=\"b36656d\" data-element_type=\"widget\" data-widget_type=\"text-editor.default\">\n\t\t\t\t<div class=\"elementor-widget-container\">\n\t\t\t<style>\/*! elementor - v3.18.0 - 20-12-2023 *\/\n.elementor-widget-text-editor.elementor-drop-cap-view-stacked .elementor-drop-cap{background-color:#69727d;color:#fff}.elementor-widget-text-editor.elementor-drop-cap-view-framed .elementor-drop-cap{color:#69727d;border:3px solid;background-color:transparent}.elementor-widget-text-editor:not(.elementor-drop-cap-view-default) .elementor-drop-cap{margin-top:8px}.elementor-widget-text-editor:not(.elementor-drop-cap-view-default) .elementor-drop-cap-letter{width:1em;height:1em}.elementor-widget-text-editor .elementor-drop-cap{float:left;text-align:center;line-height:1;font-size:50px}.elementor-widget-text-editor .elementor-drop-cap-letter{display:inline-block}<\/style>\t\t\t\t<p>Dr. Yusuf Acar wurde 1980 in Adana geboren. Nach dem Besuch der Grund- und Sekundarschule in Adana machte Dr. Yusuf Acar seinen Abschluss am Hac\u0131 Ahmet At\u0131l-Gymnasium. Im selben Jahr begann er sein Studium an der medizinischen Fakult\u00e4t der Marmara-Universit\u00e4t. 2005 erhielt er den Titel eines Doktors der Medizin. Im selben Jahr begann er seine Spezialisierung an der Dicle University Plastic, Reconstructive and Aesthetic Surgery A.B.D. W\u00e4hrend seiner Spezialisierung arbeitete er intensiv an der rekonstruktiven Mikrochirurgie, die sein besonderes Interesse ist. Dr. Yusuf Acars Studie mit dem Titel &#8220;A Comparison of the Effects of Epidural and Spinal Anesthesia with Ischemia-Reperfusion Injury on the Rat Transverse Rectus Abdominus Musculocutaneous Flap&#8221; (Vergleich der Auswirkungen von Epidural- und Spinalan\u00e4sthesie mit Isch\u00e4mie-Reperfusionsverletzung auf den transversalen Bauchmuskellappen der Ratte) wurde 2013 in den Annals of Plastic Surgery, einer der weltweit renommiertesten Fachzeitschriften, ver\u00f6ffentlicht.<\/p><p>In den Jahren 2007-2008 absolvierte er ein chirurgisches Praktikum an der medizinischen Fakult\u00e4t der Universit\u00e4t Istanbul, Abteilung f\u00fcr plastische, rekonstruktive und \u00e4sthetische Chirurgie, um sein Wissen und seine Erfahrung zu erweitern. Nach Erhalt des Facharzttitels f\u00fcr Plastische, Rekonstruktive und \u00c4sthetische Chirurgie leistete er von 2011-2013 seinen Pflichtdienst im Zonguldak Atat\u00fcrk State Hospital ab. Dr. Yusuf Acar, der von 2013-2020 im Mersin State Hospital bzw. im Mersin City Hospital t\u00e4tig war, arbeitete 2020 f\u00fcr kurze Zeit im \u00dcmraniye Training and Research Hospital und ist seit Oktober 2020 in seiner Privatklinik t\u00e4tig.<\/p><p>Dr. Yusuf Acar, der verheiratet ist und eine Tochter und einen Sohn hat, hat Hobbys wie Tennis, Wandern, Schwimmen, Lesen, Radfahren und Motorradfahren. Dr. Yusuf Acar ist Mitglied der T\u00fcrkischen \u00c4rztekammer.<\/p>\t\t\t\t\t\t<\/div>\n\t\t\t\t<\/div>\n\t\t\t\t\t<\/div>\n\t\t<\/div>\n\t\t\t\t\t\t\t<\/div>\n\t\t<\/section>\n\t\t\t\t<section class=\"elementor-section elementor-top-section elementor-element elementor-element-1e43dff elementor-section-content-middle elementor-section-boxed elementor-section-height-default elementor-section-height-default wpr-particle-no wpr-jarallax-no wpr-parallax-no wpr-sticky-section-no\" data-id=\"1e43dff\" data-element_type=\"section\" data-settings=\"{&quot;background_background&quot;:&quot;classic&quot;}\">\n\t\t\t\t\t\t<div class=\"elementor-container elementor-column-gap-default\">\n\t\t\t\t\t<div class=\"elementor-column elementor-col-100 elementor-top-column elementor-element elementor-element-f2e62b0\" data-id=\"f2e62b0\" data-element_type=\"column\">\n\t\t\t<div class=\"elementor-widget-wrap elementor-element-populated\">\n\t\t\t\t\t\t\t\t<div class=\"elementor-element elementor-element-02660bb elementor-widget elementor-widget-heading\" data-id=\"02660bb\" data-element_type=\"widget\" data-widget_type=\"heading.default\">\n\t\t\t\t<div class=\"elementor-widget-container\">\n\t\t\t<h2 class=\"elementor-heading-title elementor-size-default\">Zertifikate und Ausbildung<\/h2>\t\t<\/div>\n\t\t\t\t<\/div>\n\t\t\t\t<div class=\"elementor-element elementor-element-c7f2c7d elementor-widget elementor-widget-spacer\" data-id=\"c7f2c7d\" data-element_type=\"widget\" data-widget_type=\"spacer.default\">\n\t\t\t\t<div class=\"elementor-widget-container\">\n\t\t\t\t\t<div class=\"elementor-spacer\">\n\t\t\t<div class=\"elementor-spacer-inner\"><\/div>\n\t\t<\/div>\n\t\t\t\t<\/div>\n\t\t\t\t<\/div>\n\t\t\t\t<div class=\"elementor-element elementor-element-4b66bfd elementor-widget elementor-widget-gallery\" data-id=\"4b66bfd\" data-element_type=\"widget\" data-settings=\"{&quot;columns_mobile&quot;:2,&quot;gap&quot;:{&quot;unit&quot;:&quot;px&quot;,&quot;size&quot;:20,&quot;sizes&quot;:[]},&quot;lazyload&quot;:&quot;yes&quot;,&quot;gallery_layout&quot;:&quot;grid&quot;,&quot;columns&quot;:4,&quot;columns_tablet&quot;:2,&quot;gap_laptop&quot;:{&quot;unit&quot;:&quot;px&quot;,&quot;size&quot;:10,&quot;sizes&quot;:[]},&quot;gap_tablet&quot;:{&quot;unit&quot;:&quot;px&quot;,&quot;size&quot;:10,&quot;sizes&quot;:[]},&quot;gap_mobile&quot;:{&quot;unit&quot;:&quot;px&quot;,&quot;size&quot;:10,&quot;sizes&quot;:[]},&quot;link_to&quot;:&quot;file&quot;,&quot;aspect_ratio&quot;:&quot;3:2&quot;,&quot;overlay_background&quot;:&quot;yes&quot;,&quot;content_hover_animation&quot;:&quot;fade-in&quot;}\" data-widget_type=\"gallery.default\">\n\t\t\t\t<div class=\"elementor-widget-container\">\n\t\t\t<style>\/*! elementor-pro - v3.18.0 - 06-12-2023 *\/\n.elementor-gallery__container{min-height:1px}.elementor-gallery-item{position:relative;overflow:hidden;display:block;text-decoration:none;border:solid var(--image-border-width) var(--image-border-color);border-radius:var(--image-border-radius)}.elementor-gallery-item__content,.elementor-gallery-item__overlay{height:100%;width:100%;position:absolute;top:0;left:0}.elementor-gallery-item__overlay{mix-blend-mode:var(--overlay-mix-blend-mode);transition-duration:var(--overlay-transition-duration);transition-property:mix-blend-mode,transform,opacity,background-color}.elementor-gallery-item__image.e-gallery-image{transition-duration:var(--image-transition-duration);transition-property:filter,transform}.elementor-gallery-item__content{display:flex;flex-direction:column;justify-content:var(--content-justify-content,center);align-items:center;text-align:var(--content-text-align);padding:var(--content-padding)}.elementor-gallery-item__content>div{transition-duration:var(--content-transition-duration)}.elementor-gallery-item__content.elementor-gallery--sequenced-animation>div:nth-child(2){transition-delay:calc(var(--content-transition-delay) \/ 3)}.elementor-gallery-item__content.elementor-gallery--sequenced-animation>div:nth-child(3){transition-delay:calc(var(--content-transition-delay) \/ 3 * 2)}.elementor-gallery-item__content.elementor-gallery--sequenced-animation>div:nth-child(4){transition-delay:calc(var(--content-transition-delay) \/ 3 * 3)}.elementor-gallery-item__description{color:var(--description-text-color,#fff);width:100%}.elementor-gallery-item__title{color:var(--title-text-color,#fff);font-weight:700;width:100%}.elementor-gallery__titles-container{display:flex;flex-wrap:wrap;justify-content:var(--titles-container-justify-content,center);margin-bottom:20px}.elementor-gallery__titles-container:not(.e--pointer-framed) .elementor-item:after,.elementor-gallery__titles-container:not(.e--pointer-framed) .elementor-item:before{background-color:var(--galleries-pointer-bg-color-hover)}.elementor-gallery__titles-container:not(.e--pointer-framed) .elementor-item.elementor-item-active:after,.elementor-gallery__titles-container:not(.e--pointer-framed) .elementor-item.elementor-item-active:before{background-color:var(--galleries-pointer-bg-color-active)}.elementor-gallery__titles-container.e--pointer-framed .elementor-item:before{border-color:var(--galleries-pointer-bg-color-hover);border-width:var(--galleries-pointer-border-width)}.elementor-gallery__titles-container.e--pointer-framed .elementor-item:after{border-color:var(--galleries-pointer-bg-color-hover)}.elementor-gallery__titles-container.e--pointer-framed .elementor-item.elementor-item-active:after,.elementor-gallery__titles-container.e--pointer-framed .elementor-item.elementor-item-active:before{border-color:var(--galleries-pointer-bg-color-active)}.elementor-gallery__titles-container.e--pointer-framed.e--animation-draw .elementor-item:before{border-left-width:var(--galleries-pointer-border-width);border-bottom-width:var(--galleries-pointer-border-width);border-right-width:0;border-top-width:0}.elementor-gallery__titles-container.e--pointer-framed.e--animation-draw .elementor-item:after{border-left-width:0;border-bottom-width:0;border-right-width:var(--galleries-pointer-border-width);border-top-width:var(--galleries-pointer-border-width)}.elementor-gallery__titles-container.e--pointer-framed.e--animation-corners .elementor-item:before{border-left-width:var(--galleries-pointer-border-width);border-bottom-width:0;border-right-width:0;border-top-width:var(--galleries-pointer-border-width)}.elementor-gallery__titles-container.e--pointer-framed.e--animation-corners .elementor-item:after{border-left-width:0;border-bottom-width:var(--galleries-pointer-border-width);border-right-width:var(--galleries-pointer-border-width);border-top-width:0}.elementor-gallery__titles-container .e--pointer-double-line .elementor-item:after,.elementor-gallery__titles-container .e--pointer-double-line .elementor-item:before,.elementor-gallery__titles-container .e--pointer-overline .elementor-item:before,.elementor-gallery__titles-container .e--pointer-underline .elementor-item:after{height:var(--galleries-pointer-border-width)}.elementor-gallery-title{--space-between:10px;cursor:pointer;color:#6d7882;font-weight:500;position:relative;padding:7px 14px;transition:all .3s}.elementor-gallery-title--active{color:#495157}.elementor-gallery-title:not(:last-child){margin-right:var(--space-between)}.elementor-gallery-item__title+.elementor-gallery-item__description{margin-top:var(--description-margin-top)}.e-gallery-item.elementor-gallery-item{transition-property:all}.e-gallery-item.elementor-animated-content .elementor-animated-item--enter-from-bottom,.e-gallery-item.elementor-animated-content .elementor-animated-item--enter-from-left,.e-gallery-item.elementor-animated-content .elementor-animated-item--enter-from-right,.e-gallery-item.elementor-animated-content .elementor-animated-item--enter-from-top,.e-gallery-item:focus .elementor-gallery__item-overlay-bg,.e-gallery-item:focus .elementor-gallery__item-overlay-content,.e-gallery-item:focus .elementor-gallery__item-overlay-content__description,.e-gallery-item:focus .elementor-gallery__item-overlay-content__title,.e-gallery-item:hover .elementor-gallery__item-overlay-bg,.e-gallery-item:hover .elementor-gallery__item-overlay-content,.e-gallery-item:hover .elementor-gallery__item-overlay-content__description,.e-gallery-item:hover .elementor-gallery__item-overlay-content__title{opacity:1}a.elementor-item.elementor-gallery-title{color:var(--galleries-title-color-normal)}a.elementor-item.elementor-gallery-title.elementor-item-active,a.elementor-item.elementor-gallery-title.highlighted,a.elementor-item.elementor-gallery-title:focus,a.elementor-item.elementor-gallery-title:hover{color:var(--galleries-title-color-hover)}a.elementor-item.elementor-gallery-title.elementor-item-active{color:var(--gallery-title-color-active)}.e-con-inner>.elementor-widget-gallery,.e-con>.elementor-widget-gallery{width:var(--container-widget-width);--flex-grow:var(--container-widget-flex-grow)}<\/style>\t\t<div class=\"elementor-gallery__container\">\n\t\t\t\t\t\t\t<a class=\"e-gallery-item elementor-gallery-item elementor-animated-content\" href=\"https:\/\/dryusufacar.com\/de\/wp-content\/uploads\/2025\/07\/dr-yusuf-cert-1.jpg\" data-elementor-open-lightbox=\"yes\" data-elementor-lightbox-slideshow=\"4b66bfd\" data-e-action-hash=\"#elementor-action%3Aaction%3Dlightbox%26settings%3DeyJpZCI6NjI3MCwidXJsIjoiaHR0cHM6XC9cL2RyeXVzdWZhY2FyLmNvbVwvZGVcL3dwLWNvbnRlbnRcL3VwbG9hZHNcLzIwMjVcLzA3XC9kci15dXN1Zi1jZXJ0LTEuanBnIiwic2xpZGVzaG93IjoiNGI2NmJmZCJ9\">\n\t\t\t\t\t<div class=\"e-gallery-image elementor-gallery-item__image\" data-thumbnail=\"https:\/\/dryusufacar.com\/de\/wp-content\/uploads\/2025\/07\/dr-yusuf-cert-1.jpg\" data-width=\"800\" data-height=\"600\" aria-label=\"\" role=\"img\" ><\/div>\n\t\t\t\t\t\t\t\t\t\t\t<div class=\"elementor-gallery-item__overlay\"><\/div>\n\t\t\t\t\t\t\t\t\t\t\t\t\t\t<\/a>\n\t\t\t\t\t\t\t<a class=\"e-gallery-item elementor-gallery-item elementor-animated-content\" href=\"https:\/\/dryusufacar.com\/de\/wp-content\/uploads\/2025\/07\/dr-yusuf-cert-2.jpg\" data-elementor-open-lightbox=\"yes\" data-elementor-lightbox-slideshow=\"4b66bfd\" data-e-action-hash=\"#elementor-action%3Aaction%3Dlightbox%26settings%3DeyJpZCI6NjI3MSwidXJsIjoiaHR0cHM6XC9cL2RyeXVzdWZhY2FyLmNvbVwvZGVcL3dwLWNvbnRlbnRcL3VwbG9hZHNcLzIwMjVcLzA3XC9kci15dXN1Zi1jZXJ0LTIuanBnIiwic2xpZGVzaG93IjoiNGI2NmJmZCJ9\">\n\t\t\t\t\t<div class=\"e-gallery-image elementor-gallery-item__image\" data-thumbnail=\"https:\/\/dryusufacar.com\/de\/wp-content\/uploads\/2025\/07\/dr-yusuf-cert-2.jpg\" data-width=\"800\" data-height=\"600\" aria-label=\"\" role=\"img\" ><\/div>\n\t\t\t\t\t\t\t\t\t\t\t<div class=\"elementor-gallery-item__overlay\"><\/div>\n\t\t\t\t\t\t\t\t\t\t\t\t\t\t<\/a>\n\t\t\t\t\t\t\t<a class=\"e-gallery-item elementor-gallery-item elementor-animated-content\" href=\"https:\/\/dryusufacar.com\/de\/wp-content\/uploads\/2025\/07\/dr-yusuf-cert-3.jpg\" data-elementor-open-lightbox=\"yes\" data-elementor-lightbox-slideshow=\"4b66bfd\" data-e-action-hash=\"#elementor-action%3Aaction%3Dlightbox%26settings%3DeyJpZCI6NjI3MiwidXJsIjoiaHR0cHM6XC9cL2RyeXVzdWZhY2FyLmNvbVwvZGVcL3dwLWNvbnRlbnRcL3VwbG9hZHNcLzIwMjVcLzA3XC9kci15dXN1Zi1jZXJ0LTMuanBnIiwic2xpZGVzaG93IjoiNGI2NmJmZCJ9\">\n\t\t\t\t\t<div class=\"e-gallery-image elementor-gallery-item__image\" data-thumbnail=\"https:\/\/dryusufacar.com\/de\/wp-content\/uploads\/2025\/07\/dr-yusuf-cert-3.jpg\" data-width=\"800\" data-height=\"600\" aria-label=\"\" role=\"img\" ><\/div>\n\t\t\t\t\t\t\t\t\t\t\t<div class=\"elementor-gallery-item__overlay\"><\/div>\n\t\t\t\t\t\t\t\t\t\t\t\t\t\t<\/a>\n\t\t\t\t\t<\/div>\n\t\t\t<\/div>\n\t\t\t\t<\/div>\n\t\t\t\t\t<\/div>\n\t\t<\/div>\n\t\t\t\t\t\t\t<\/div>\n\t\t<\/section>\n\t\t\t\t\t\t\t<\/div>\n\t\t","protected":false},"excerpt":{"rendered":"<p>\u00dcber uns Plastischer, Rekonstruktiver und \u00c4sthetischer Chirurg Op. Dr. Yusuf Acar Dr. Yusuf Acar wurde 1980 in Adana geboren. Nach dem Besuch der Grund- und Sekundarschule in Adana machte Dr. Yusuf Acar seinen Abschluss am Hac\u0131 Ahmet At\u0131l-Gymnasium. Im selben Jahr begann er sein Studium an der medizinischen Fakult\u00e4t der Marmara-Universit\u00e4t. 2005 erhielt er den Titel eines Doktors der Medizin. Im selben Jahr begann er seine Spezialisierung an der Dicle University Plastic, Reconstructive and Aesthetic Surgery A.B.D. W\u00e4hrend seiner Spezialisierung arbeitete er intensiv an der rekonstruktiven Mikrochirurgie, die sein besonderes Interesse ist. Dr. Yusuf Acars Studie mit dem Titel &#8220;A Comparison of the Effects of Epidural and Spinal Anesthesia with Ischemia-Reperfusion Injury on the Rat Transverse Rectus Abdominus Musculocutaneous Flap&#8221; (Vergleich der Auswirkungen von Epidural- und Spinalan\u00e4sthesie mit Isch\u00e4mie-Reperfusionsverletzung auf den transversalen Bauchmuskellappen der Ratte) wurde 2013 in den Annals of Plastic Surgery, einer der weltweit renommiertesten Fachzeitschriften, ver\u00f6ffentlicht. In den Jahren 2007-2008 absolvierte er ein chirurgisches Praktikum an der medizinischen Fakult\u00e4t der Universit\u00e4t Istanbul, Abteilung f\u00fcr plastische, rekonstruktive und \u00e4sthetische Chirurgie, um sein Wissen und seine Erfahrung zu erweitern. Nach Erhalt des Facharzttitels f\u00fcr Plastische, Rekonstruktive und \u00c4sthetische Chirurgie leistete er von 2011-2013 seinen Pflichtdienst im Zonguldak Atat\u00fcrk State Hospital ab. Dr. Yusuf Acar, der von 2013-2020 im Mersin State Hospital bzw. im Mersin City Hospital t\u00e4tig war, arbeitete 2020 f\u00fcr kurze Zeit im \u00dcmraniye Training and Research Hospital und ist seit Oktober 2020 in seiner Privatklinik t\u00e4tig. Dr. Yusuf Acar, der verheiratet ist und eine Tochter und einen Sohn hat, hat Hobbys wie Tennis, Wandern, Schwimmen, Lesen, Radfahren und Motorradfahren. Dr. Yusuf Acar ist Mitglied der T\u00fcrkischen \u00c4rztekammer. Zertifikate und Ausbildung<\/p>\n","protected":false},"author":1,"featured_media":0,"parent":0,"menu_order":0,"comment_status":"closed","ping_status":"closed","template":"","meta":{"footnotes":""},"aioseo_notices":[],"_links":{"self":[{"href":"https:\/\/dryusufacar.com\/de\/wp-json\/wp\/v2\/pages\/2592"}],"collection":[{"href":"https:\/\/dryusufacar.com\/de\/wp-json\/wp\/v2\/pages"}],"about":[{"href":"https:\/\/dryusufacar.com\/de\/wp-json\/wp\/v2\/types\/page"}],"author":[{"embeddable":true,"href":"https:\/\/dryusufacar.com\/de\/wp-json\/wp\/v2\/users\/1"}],"replies":[{"embeddable":true,"href":"https:\/\/dryusufacar.com\/de\/wp-json\/wp\/v2\/comments?post=2592"}],"version-history":[{"count":41,"href":"https:\/\/dryusufacar.com\/de\/wp-json\/wp\/v2\/pages\/2592\/revisions"}],"predecessor-version":[{"id":6459,"href":"https:\/\/dryusufacar.com\/de\/wp-json\/wp\/v2\/pages\/2592\/revisions\/6459"}],"wp:attachment":[{"href":"https:\/\/dryusufacar.com\/de\/wp-json\/wp\/v2\/media?parent=2592"}],"curies":[{"name":"wp","href":"https:\/\/api.w.org\/{rel}","templated":true}]}}