{"id":5184,"date":"2025-04-17T07:54:27","date_gmt":"2025-04-17T07:54:27","guid":{"rendered":"https:\/\/dryusufacar.com\/de\/?page_id=5184"},"modified":"2025-05-15T07:48:55","modified_gmt":"2025-05-15T07:48:55","slug":"behandlungen","status":"publish","type":"page","link":"https:\/\/dryusufacar.com\/de\/behandlungen\/","title":{"rendered":"Behandlungen"},"content":{"rendered":"\t\t<div data-elementor-type=\"wp-page\" data-elementor-id=\"5184\" class=\"elementor elementor-5184\" data-elementor-post-type=\"page\">\n\t\t\t\t\t\t\t<div class=\"elementor-element elementor-element-8550d8f e-flex e-con-boxed wpr-particle-no wpr-jarallax-no wpr-parallax-no wpr-sticky-section-no e-con e-parent\" data-id=\"8550d8f\" data-element_type=\"container\" data-settings=\"{&quot;background_background&quot;:&quot;classic&quot;,&quot;content_width&quot;:&quot;boxed&quot;}\" data-core-v316-plus=\"true\">\n\t\t\t\t\t<div class=\"e-con-inner\">\n\t\t\t\t<div class=\"elementor-element elementor-element-e8d02f9 elementor-widget__width-auto elementor-widget elementor-widget-html\" data-id=\"e8d02f9\" data-element_type=\"widget\" data-widget_type=\"html.default\">\n\t\t\t\t<div class=\"elementor-widget-container\">\n\t\t\t<div class=\"aioseo-breadcrumbs\"><span class=\"aioseo-breadcrumb\">\n\tStartseite\n<\/span><\/div>\t\t<\/div>\n\t\t\t\t<\/div>\n\t\t\t\t<div class=\"elementor-element elementor-element-c556a15 elementor-widget elementor-widget-spacer\" data-id=\"c556a15\" data-element_type=\"widget\" data-widget_type=\"spacer.default\">\n\t\t\t\t<div class=\"elementor-widget-container\">\n\t\t\t<style>\/*! elementor - v3.18.0 - 20-12-2023 *\/\n.elementor-column .elementor-spacer-inner{height:var(--spacer-size)}.e-con{--container-widget-width:100%}.e-con-inner>.elementor-widget-spacer,.e-con>.elementor-widget-spacer{width:var(--container-widget-width,var(--spacer-size));--align-self:var(--container-widget-align-self,initial);--flex-shrink:0}.e-con-inner>.elementor-widget-spacer>.elementor-widget-container,.e-con>.elementor-widget-spacer>.elementor-widget-container{height:100%;width:100%}.e-con-inner>.elementor-widget-spacer>.elementor-widget-container>.elementor-spacer,.e-con>.elementor-widget-spacer>.elementor-widget-container>.elementor-spacer{height:100%}.e-con-inner>.elementor-widget-spacer>.elementor-widget-container>.elementor-spacer>.elementor-spacer-inner,.e-con>.elementor-widget-spacer>.elementor-widget-container>.elementor-spacer>.elementor-spacer-inner{height:var(--container-widget-height,var(--spacer-size))}.e-con-inner>.elementor-widget-spacer.elementor-widget-empty,.e-con>.elementor-widget-spacer.elementor-widget-empty{position:relative;min-height:22px;min-width:22px}.e-con-inner>.elementor-widget-spacer.elementor-widget-empty .elementor-widget-empty-icon,.e-con>.elementor-widget-spacer.elementor-widget-empty .elementor-widget-empty-icon{position:absolute;top:0;bottom:0;left:0;right:0;margin:auto;padding:0;width:22px;height:22px}<\/style>\t\t<div class=\"elementor-spacer\">\n\t\t\t<div class=\"elementor-spacer-inner\"><\/div>\n\t\t<\/div>\n\t\t\t\t<\/div>\n\t\t\t\t<\/div>\n\t\t\t\t<div class=\"elementor-element elementor-element-05a8ba5 elementor-widget elementor-widget-heading\" data-id=\"05a8ba5\" data-element_type=\"widget\" data-widget_type=\"heading.default\">\n\t\t\t\t<div class=\"elementor-widget-container\">\n\t\t\t<style>\/*! elementor - v3.18.0 - 20-12-2023 *\/\n.elementor-heading-title{padding:0;margin:0;line-height:1}.elementor-widget-heading .elementor-heading-title[class*=elementor-size-]>a{color:inherit;font-size:inherit;line-height:inherit}.elementor-widget-heading .elementor-heading-title.elementor-size-small{font-size:15px}.elementor-widget-heading .elementor-heading-title.elementor-size-medium{font-size:19px}.elementor-widget-heading .elementor-heading-title.elementor-size-large{font-size:29px}.elementor-widget-heading .elementor-heading-title.elementor-size-xl{font-size:39px}.elementor-widget-heading .elementor-heading-title.elementor-size-xxl{font-size:59px}<\/style><h1 class=\"elementor-heading-title elementor-size-default\">Behandlungen<\/h1>\t\t<\/div>\n\t\t\t\t<\/div>\n\t\t\t\t\t<\/div>\n\t\t\t\t<\/div>\n\t\t<div class=\"elementor-element elementor-element-c3c6117 e-flex e-con-boxed wpr-particle-no wpr-jarallax-no wpr-parallax-no wpr-sticky-section-no e-con e-parent\" data-id=\"c3c6117\" data-element_type=\"container\" data-settings=\"{&quot;background_background&quot;:&quot;classic&quot;,&quot;content_width&quot;:&quot;boxed&quot;}\" data-core-v316-plus=\"true\">\n\t\t\t\t\t<div class=\"e-con-inner\">\n\t\t<div class=\"elementor-element elementor-element-c6127ef e-flex e-con-boxed wpr-particle-no wpr-jarallax-no wpr-parallax-no wpr-sticky-section-no e-con e-child\" data-id=\"c6127ef\" data-element_type=\"container\" data-settings=\"{&quot;content_width&quot;:&quot;boxed&quot;}\">\n\t\t\t\t\t<div class=\"e-con-inner\">\n\t\t<div class=\"elementor-element elementor-element-0513120 e-con-full e-flex wpr-particle-no wpr-jarallax-no wpr-parallax-no wpr-sticky-section-no e-con e-child\" data-id=\"0513120\" data-element_type=\"container\" data-settings=\"{&quot;content_width&quot;:&quot;full&quot;}\">\n\t\t\t\t<div class=\"elementor-element elementor-element-6954530 elementor-widget__width-auto jkit-equal-height-disable elementor-widget elementor-widget-jkit_image_box\" data-id=\"6954530\" data-element_type=\"widget\" data-widget_type=\"jkit_image_box.default\">\n\t\t\t\t<div class=\"elementor-widget-container\">\n\t\t\t<div  class=\"jeg-elementor-kit jkit-image-box style-default elementor-animation- jeg_module___6a091a5e2836d\" ><a href=\"https:\/\/dryusufacar.com\/de\/behandlungen\/korperasthetik\/\"  ><div class=\"image-box-header elementor-animation-\"><img decoding=\"async\" src=\"https:\/\/dryusufacar.com\/de\/wp-content\/uploads\/2025\/04\/vucut-estetigi-h2-1.jpg\" ><\/div><\/a><div class=\"image-box-body\">\n            <div class=\"body-inner\"><h3 class=\"body-title icon-position-before\">K\u00f6rper\u00e4sthetik<\/h3>\n                <div class=\"body-description\"><\/div>\n                <div class=\"body-button\"><\/div>\n                <div class=\"border-bottom right\"><\/div>\n            <\/div>\n        <\/div><\/div>\t\t<\/div>\n\t\t\t\t<\/div>\n\t\t\t\t<\/div>\n\t\t<div class=\"elementor-element elementor-element-1dd2267 e-con-full e-flex wpr-particle-no wpr-jarallax-no wpr-parallax-no wpr-sticky-section-no e-con e-child\" data-id=\"1dd2267\" data-element_type=\"container\" data-settings=\"{&quot;content_width&quot;:&quot;full&quot;}\">\n\t\t\t\t<div class=\"elementor-element elementor-element-bb44c7b elementor-widget__width-auto jkit-equal-height-disable elementor-widget elementor-widget-jkit_image_box\" data-id=\"bb44c7b\" data-element_type=\"widget\" data-widget_type=\"jkit_image_box.default\">\n\t\t\t\t<div class=\"elementor-widget-container\">\n\t\t\t<div  class=\"jeg-elementor-kit jkit-image-box style-default elementor-animation- jeg_module__1_6a091a5e29b81\" ><a href=\"https:\/\/dryusufacar.com\/de\/behandlungen\/gesichtsasthetik\/\"  ><div class=\"image-box-header elementor-animation-\"><img decoding=\"async\" src=\"https:\/\/dryusufacar.com\/de\/wp-content\/uploads\/2025\/04\/yuz-estetigi-h1-1.jpg\" ><\/div><\/a><div class=\"image-box-body\">\n            <div class=\"body-inner\"><h3 class=\"body-title icon-position-before\">Gesichts\u00e4sthetik<\/h3>\n                <div class=\"body-description\"><\/div>\n                <div class=\"body-button\"><\/div>\n                <div class=\"border-bottom right\"><\/div>\n            <\/div>\n        <\/div><\/div>\t\t<\/div>\n\t\t\t\t<\/div>\n\t\t\t\t<\/div>\n\t\t<div class=\"elementor-element elementor-element-67c42ef e-con-full e-flex wpr-particle-no wpr-jarallax-no wpr-parallax-no wpr-sticky-section-no e-con e-child\" data-id=\"67c42ef\" data-element_type=\"container\" data-settings=\"{&quot;content_width&quot;:&quot;full&quot;}\">\n\t\t\t\t<div class=\"elementor-element elementor-element-a2d78a5 elementor-widget__width-auto jkit-equal-height-disable elementor-widget elementor-widget-jkit_image_box\" data-id=\"a2d78a5\" data-element_type=\"widget\" data-widget_type=\"jkit_image_box.default\">\n\t\t\t\t<div class=\"elementor-widget-container\">\n\t\t\t<div  class=\"jeg-elementor-kit jkit-image-box style-default elementor-animation- jeg_module__2_6a091a5e2c38d\" ><a href=\"https:\/\/dryusufacar.com\/de\/behandlungen\/brust-asthetik\/\"  ><div class=\"image-box-header elementor-animation-\"><img decoding=\"async\" src=\"https:\/\/dryusufacar.com\/de\/wp-content\/uploads\/2025\/04\/meme-estetigi-h1-1.jpg\" ><\/div><\/a><div class=\"image-box-body\">\n            <div class=\"body-inner\"><h3 class=\"body-title icon-position-before\">Brust \u00c4sthetik<\/h3>\n                <div class=\"body-description\"><\/div>\n                <div class=\"body-button\"><\/div>\n                <div class=\"border-bottom right\"><\/div>\n            <\/div>\n        <\/div><\/div>\t\t<\/div>\n\t\t\t\t<\/div>\n\t\t\t\t<\/div>\n\t\t\t\t\t<\/div>\n\t\t\t\t<\/div>\n\t\t\t\t\t<\/div>\n\t\t\t\t<\/div>\n\t\t\t\t\t\t\t<\/div>\n\t\t","protected":false},"excerpt":{"rendered":"<p>Behandlungen K\u00f6rper\u00e4sthetik Gesichts\u00e4sthetik Brust \u00c4sthetik<\/p>\n","protected":false},"author":1,"featured_media":0,"parent":0,"menu_order":0,"comment_status":"closed","ping_status":"closed","template":"elementor_header_footer","meta":{"footnotes":""},"aioseo_notices":[],"_links":{"self":[{"href":"https:\/\/dryusufacar.com\/de\/wp-json\/wp\/v2\/pages\/5184"}],"collection":[{"href":"https:\/\/dryusufacar.com\/de\/wp-json\/wp\/v2\/pages"}],"about":[{"href":"https:\/\/dryusufacar.com\/de\/wp-json\/wp\/v2\/types\/page"}],"author":[{"embeddable":true,"href":"https:\/\/dryusufacar.com\/de\/wp-json\/wp\/v2\/users\/1"}],"replies":[{"embeddable":true,"href":"https:\/\/dryusufacar.com\/de\/wp-json\/wp\/v2\/comments?post=5184"}],"version-history":[{"count":10,"href":"https:\/\/dryusufacar.com\/de\/wp-json\/wp\/v2\/pages\/5184\/revisions"}],"predecessor-version":[{"id":6010,"href":"https:\/\/dryusufacar.com\/de\/wp-json\/wp\/v2\/pages\/5184\/revisions\/6010"}],"wp:attachment":[{"href":"https:\/\/dryusufacar.com\/de\/wp-json\/wp\/v2\/media?parent=5184"}],"curies":[{"name":"wp","href":"https:\/\/api.w.org\/{rel}","templated":true}]}}